{"id":2,"date":"2021-01-01T19:38:36","date_gmt":"2021-01-01T18:38:36","guid":{"rendered":"http:\/\/juliancroatto.com\/?page_id=2"},"modified":"2022-06-10T15:42:22","modified_gmt":"2022-06-10T13:42:22","slug":"inicio","status":"publish","type":"page","link":"https:\/\/juliancroatto.com\/","title":{"rendered":"INICIO"},"content":{"rendered":"\t\t<div data-elementor-type=\"wp-page\" data-elementor-id=\"2\" class=\"elementor elementor-2\">\n\t\t\t\t\t\t<section class=\"elementor-section elementor-top-section elementor-element elementor-element-36d04da elementor-section-content-middle elementor-section-full_width elementor-section-height-default elementor-section-height-default\" data-id=\"36d04da\" data-element_type=\"section\" data-e-type=\"section\">\n\t\t\t\t\t\t<div class=\"elementor-container elementor-column-gap-no\">\n\t\t\t\t\t<div class=\"elementor-column elementor-col-50 elementor-top-column elementor-element elementor-element-a73a4a8\" data-id=\"a73a4a8\" data-element_type=\"column\" data-e-type=\"column\">\n\t\t\t<div class=\"elementor-widget-wrap elementor-element-populated\">\n\t\t\t\t\t\t<div class=\"elementor-element elementor-element-92a5d80 elementor-widget elementor-widget-text-editor\" data-id=\"92a5d80\" data-element_type=\"widget\" data-e-type=\"widget\" data-widget_type=\"text-editor.default\">\n\t\t\t\t<div class=\"elementor-widget-container\">\n\t\t\t\t\t\t\t\t\t<p><span style=\"color: #ffcc00;\"><a style=\"color: #ffcc00;\" href=\"https:\/\/juliancroatto.com\/index.php\/biografia\/\">Julian Croatto<\/a><\/span><\/p>\t\t\t\t\t\t\t\t<\/div>\n\t\t\t\t<\/div>\n\t\t\t\t<div class=\"elementor-element elementor-element-0d861a7 elementor-widget elementor-widget-heading\" data-id=\"0d861a7\" data-element_type=\"widget\" data-e-type=\"widget\" data-widget_type=\"heading.default\">\n\t\t\t\t<div class=\"elementor-widget-container\">\n\t\t\t\t\t<h3 class=\"elementor-heading-title elementor-size-default\">Guitarrista contempor\u00e1neo<\/h3>\t\t\t\t<\/div>\n\t\t\t\t<\/div>\n\t\t\t\t<div class=\"elementor-element elementor-element-bc84324 elementor-widget elementor-widget-text-editor\" data-id=\"bc84324\" data-element_type=\"widget\" data-e-type=\"widget\" data-widget_type=\"text-editor.default\">\n\t\t\t\t<div class=\"elementor-widget-container\">\n\t\t\t\t\t\t\t\t\t<p><span style=\"font-weight: 400;\">Solista e integrante de <span style=\"color: #ffcc00;\"><a style=\"color: #ffcc00;\" href=\"https:\/\/juliancroatto.com\/index.php\/proyectos\/\">diversos grupos<\/a><\/span>.<br \/><\/span><span style=\"font-weight: 400;\">Se dedica principalmente a la m\u00fasica contempor\u00e1nea para guitarra de Latinoam\u00e9rica. Tambi\u00e9n da <span style=\"color: #ffcc00;\"><a style=\"color: #ffcc00;\" href=\"https:\/\/juliancroatto.com\/index.php\/clases\/\">clases<\/a><\/span>, investiga y <span style=\"color: #ffcc00;\"><a style=\"color: #ffcc00;\" href=\"https:\/\/juliancroatto.com\/index.php\/escritos\/\">escribe<\/a><\/span>.<\/span><\/p>\t\t\t\t\t\t\t\t<\/div>\n\t\t\t\t<\/div>\n\t\t\t\t\t<\/div>\n\t\t<\/div>\n\t\t\t\t<div class=\"elementor-column elementor-col-50 elementor-top-column elementor-element elementor-element-86bb142\" data-id=\"86bb142\" data-element_type=\"column\" data-e-type=\"column\">\n\t\t\t<div class=\"elementor-widget-wrap elementor-element-populated\">\n\t\t\t\t\t\t<div class=\"elementor-element elementor-element-1da9116 elementor-pagination-position-inside elementor-widget elementor-widget-image-carousel\" data-id=\"1da9116\" data-element_type=\"widget\" data-e-type=\"widget\" data-settings=\"{&quot;slides_to_show&quot;:&quot;1&quot;,&quot;navigation&quot;:&quot;dots&quot;,&quot;autoplay&quot;:&quot;yes&quot;,&quot;pause_on_hover&quot;:&quot;yes&quot;,&quot;pause_on_interaction&quot;:&quot;yes&quot;,&quot;autoplay_speed&quot;:5000,&quot;infinite&quot;:&quot;yes&quot;,&quot;effect&quot;:&quot;slide&quot;,&quot;speed&quot;:500}\" data-widget_type=\"image-carousel.default\">\n\t\t\t\t<div class=\"elementor-widget-container\">\n\t\t\t\t\t\t\t<div class=\"elementor-image-carousel-wrapper swiper\" role=\"region\" aria-roledescription=\"carousel\" aria-label=\"Carrusel de im\u00e1genes\" dir=\"ltr\">\n\t\t\t<div class=\"elementor-image-carousel swiper-wrapper\" aria-live=\"off\">\n\t\t\t\t\t\t\t\t<div class=\"swiper-slide\" role=\"group\" aria-roledescription=\"slide\" aria-label=\"1 de 2\"><figure class=\"swiper-slide-inner\"><img decoding=\"async\" class=\"swiper-slide-image\" src=\"https:\/\/juliancroatto.com\/wp-content\/uploads\/2021\/03\/00_1350x950-Julian-Croatto-Guitar-Player-Classic-Music-Concert-Contemporary-Berlin-Montevideo-Gitarre-Chitarra-06.jpg\" alt=\"Julian Croatto\" \/><\/figure><\/div><div class=\"swiper-slide\" role=\"group\" aria-roledescription=\"slide\" aria-label=\"2 de 2\"><figure class=\"swiper-slide-inner\"><img decoding=\"async\" class=\"swiper-slide-image\" src=\"https:\/\/juliancroatto.com\/wp-content\/uploads\/2021\/03\/00_1350x950-Julian-Croatto-Guitar-Player-Classic-Music-Concert-Contemporary-Berlin-Montevideo-Gitarre-Chitarra-03.jpg\" alt=\"Julian Croatto\" \/><\/figure><\/div>\t\t\t<\/div>\n\t\t\t\t\t\t\t\n\t\t\t\t\t\t\t\t\t<div class=\"swiper-pagination\"><\/div>\n\t\t\t\t\t\t\t\t\t<\/div>\n\t\t\t\t\t\t<\/div>\n\t\t\t\t<\/div>\n\t\t\t\t\t<\/div>\n\t\t<\/div>\n\t\t\t\t\t<\/div>\n\t\t<\/section>\n\t\t\t\t<section class=\"elementor-section elementor-top-section elementor-element elementor-element-ae3fa2e elementor-section-boxed elementor-section-height-default elementor-section-height-default\" data-id=\"ae3fa2e\" data-element_type=\"section\" data-e-type=\"section\" data-settings=\"{&quot;animation&quot;:&quot;none&quot;}\">\n\t\t\t\t\t\t<div class=\"elementor-container elementor-column-gap-default\">\n\t\t\t\t\t<div class=\"elementor-column elementor-col-100 elementor-top-column elementor-element elementor-element-f5b27af\" data-id=\"f5b27af\" data-element_type=\"column\" data-e-type=\"column\">\n\t\t\t<div class=\"elementor-widget-wrap elementor-element-populated\">\n\t\t\t\t\t\t<div class=\"elementor-element elementor-element-e7e3b77 elementor-widget elementor-widget-wp-widget-wp_soundpress_plugin\" data-id=\"e7e3b77\" data-element_type=\"widget\" data-e-type=\"widget\" data-widget_type=\"wp-widget-wp_soundpress_plugin.default\">\n\t\t\t\t<div class=\"elementor-widget-container\">\n\t\t\t\t\t<div class=\"widget-text wp_widget_plugin_box\"><iframe width=\"100%\" scrolling=\"no\" height=\"auto\" frameborder=\"no\" src=\"https:\/\/w.soundcloud.com\/player\/?url=https:\/\/soundcloud.com\/user-893620296\/epicedia-cergio-prudencio&amp;auto_play=true&amp;visual=true\"><\/iframe><br \/><\/div>\t\t\t\t<\/div>\n\t\t\t\t<\/div>\n\t\t\t\t\t<\/div>\n\t\t<\/div>\n\t\t\t\t\t<\/div>\n\t\t<\/section>\n\t\t\t\t<section class=\"elementor-section elementor-top-section elementor-element elementor-element-1b6c7362 elementor-section-content-middle elementor-section-boxed elementor-section-height-default elementor-section-height-default\" data-id=\"1b6c7362\" data-element_type=\"section\" data-e-type=\"section\">\n\t\t\t\t\t\t<div class=\"elementor-container elementor-column-gap-no\">\n\t\t\t\t\t<div class=\"elementor-column elementor-col-50 elementor-top-column elementor-element elementor-element-31e38d9d\" data-id=\"31e38d9d\" data-element_type=\"column\" data-e-type=\"column\">\n\t\t\t<div class=\"elementor-widget-wrap elementor-element-populated\">\n\t\t\t\t\t\t<div class=\"elementor-element elementor-element-45100197 elementor-widget elementor-widget-heading\" data-id=\"45100197\" data-element_type=\"widget\" data-e-type=\"widget\" data-widget_type=\"heading.default\">\n\t\t\t\t<div class=\"elementor-widget-container\">\n\t\t\t\t\t<h4 class=\"elementor-heading-title elementor-size-default\">Estilo y trabajo<\/h4>\t\t\t\t<\/div>\n\t\t\t\t<\/div>\n\t\t\t\t<div class=\"elementor-element elementor-element-706ec463 elementor-widget elementor-widget-text-editor\" data-id=\"706ec463\" data-element_type=\"widget\" data-e-type=\"widget\" data-widget_type=\"text-editor.default\">\n\t\t\t\t<div class=\"elementor-widget-container\">\n\t\t\t\t\t\t\t\t\t<p>Julian decide recorrer un camino interpretativo personal, elaborando simult\u00e1neamente al desarrollo de sus capacidades t\u00e9cnico-expresivas una cuidada selecci\u00f3n del repertorio. La misma se basa en una reflexion sensible que cuestiona el rol de la m\u00fasica en la actualidad y apuesta al disfrute de la experiencia sonora de la guitarra, en sus m\u00e1s variadas posibilidades expresivas.\u00a0<\/p><p>Al poner en dialogo distintas voces de la creaci\u00f3n contempor\u00e1nea, Juli\u00e1n busca estimular una escucha activa, que invite a salir de los lugares comunes y explorar caminos sonoros menos transitados.\u00a0<\/p>\t\t\t\t\t\t\t\t<\/div>\n\t\t\t\t<\/div>\n\t\t\t\t\t<\/div>\n\t\t<\/div>\n\t\t\t\t<div class=\"elementor-column elementor-col-50 elementor-top-column elementor-element elementor-element-a952e23\" data-id=\"a952e23\" data-element_type=\"column\" data-e-type=\"column\">\n\t\t\t<div class=\"elementor-widget-wrap elementor-element-populated\">\n\t\t\t\t\t\t<div class=\"elementor-element elementor-element-e8b5cce elementor-widget elementor-widget-text-editor\" data-id=\"e8b5cce\" data-element_type=\"widget\" data-e-type=\"widget\" data-widget_type=\"text-editor.default\">\n\t\t\t\t<div class=\"elementor-widget-container\">\n\t\t\t\t\t\t\t\t\t<p>Como miembro del N\u00facleo M\u00fasica Nueva de Montevideo realiz\u00f3 estrenos de m\u00fasica latinoamericana contempor\u00e1nea. Se dedica tambi\u00e9n a algunas m\u00fasicas de ra\u00edz folcl\u00f3rica de Latinoam\u00e9rica, en particular de Uruguay, Argentina y Venezuela. Se ha presentado en concierto en Alemania, Argentina, Austria, Brasil, Ecuador, Espan\u0303a, Italia, Puerto Rico y Uruguay.<\/p>\t\t\t\t\t\t\t\t<\/div>\n\t\t\t\t<\/div>\n\t\t\t\t<div class=\"elementor-element elementor-element-867671b elementor-widget elementor-widget-button\" data-id=\"867671b\" data-element_type=\"widget\" data-e-type=\"widget\" data-widget_type=\"button.default\">\n\t\t\t\t<div class=\"elementor-widget-container\">\n\t\t\t\t\t\t\t\t\t<div class=\"elementor-button-wrapper\">\n\t\t\t\t\t<a class=\"elementor-button elementor-button-link elementor-size-sm\" href=\"https:\/\/juliancroatto.com\/index.php\/biografia\/\">\n\t\t\t\t\t\t<span class=\"elementor-button-content-wrapper\">\n\t\t\t\t\t\t\t\t\t<span class=\"elementor-button-text\">M\u00e1s sobre Julian<\/span>\n\t\t\t\t\t<\/span>\n\t\t\t\t\t<\/a>\n\t\t\t\t<\/div>\n\t\t\t\t\t\t\t\t<\/div>\n\t\t\t\t<\/div>\n\t\t\t\t\t<\/div>\n\t\t<\/div>\n\t\t\t\t\t<\/div>\n\t\t<\/section>\n\t\t\t\t<section class=\"elementor-section elementor-top-section elementor-element elementor-element-9104c86 elementor-section-boxed elementor-section-height-default elementor-section-height-default\" data-id=\"9104c86\" data-element_type=\"section\" data-e-type=\"section\" data-settings=\"{&quot;animation&quot;:&quot;none&quot;,&quot;background_background&quot;:&quot;classic&quot;}\">\n\t\t\t\t\t\t\t<div class=\"elementor-background-overlay\"><\/div>\n\t\t\t\t\t\t\t<div class=\"elementor-container elementor-column-gap-default\">\n\t\t\t\t\t<div class=\"elementor-column elementor-col-100 elementor-top-column elementor-element elementor-element-672f3d8\" data-id=\"672f3d8\" data-element_type=\"column\" data-e-type=\"column\">\n\t\t\t<div class=\"elementor-widget-wrap elementor-element-populated\">\n\t\t\t\t\t\t<div class=\"elementor-element elementor-element-5163f34 elementor-widget elementor-widget-video\" data-id=\"5163f34\" data-element_type=\"widget\" data-e-type=\"widget\" data-settings=\"{&quot;youtube_url&quot;:&quot;https:\\\/\\\/youtu.be\\\/wgHuLYjw874&quot;,&quot;show_image_overlay&quot;:&quot;yes&quot;,&quot;image_overlay&quot;:{&quot;url&quot;:&quot;https:\\\/\\\/juliancroatto.com\\\/wp-content\\\/uploads\\\/2021\\\/02\\\/DSC06967.jpg&quot;,&quot;id&quot;:2256,&quot;size&quot;:&quot;&quot;},&quot;video_type&quot;:&quot;youtube&quot;,&quot;controls&quot;:&quot;yes&quot;}\" data-widget_type=\"video.default\">\n\t\t\t\t<div class=\"elementor-widget-container\">\n\t\t\t\t\t\t\t<div class=\"elementor-wrapper elementor-open-inline\">\n\t\t\t<div class=\"elementor-video\"><\/div>\t\t\t\t<div class=\"elementor-custom-embed-image-overlay\" style=\"background-image: url(https:\/\/juliancroatto.com\/wp-content\/uploads\/2021\/02\/DSC06967.jpg);\">\n\t\t\t\t\t\t\t\t\t\t\t\t\t\t\t\t<div class=\"elementor-custom-embed-play\" role=\"button\" aria-label=\"Reproducir v\u00eddeo\" tabindex=\"0\">\n\t\t\t\t\t\t\t<i aria-hidden=\"true\" class=\"eicon-play\"><\/i>\t\t\t\t\t\t<\/div>\n\t\t\t\t\t\t\t\t\t<\/div>\n\t\t\t\t\t<\/div>\n\t\t\t\t\t\t<\/div>\n\t\t\t\t<\/div>\n\t\t\t\t\t<\/div>\n\t\t<\/div>\n\t\t\t\t\t<\/div>\n\t\t<\/section>\n\t\t\t\t<\/div>\n\t\t","protected":false},"excerpt":{"rendered":"<p>Julian Croatto Guitarrista contempor\u00e1neo Solista e integrante de diversos grupos.Se dedica principalmente a la m\u00fasica contempor\u00e1nea para guitarra de Latinoam\u00e9rica. Tambi\u00e9n da clases, investiga y escribe. Estilo y trabajo Julian decide recorrer un camino interpretativo personal, elaborando simult\u00e1neamente al desarrollo de sus capacidades t\u00e9cnico-expresivas una cuidada selecci\u00f3n del repertorio. La<\/p>\n","protected":false},"author":1,"featured_media":0,"parent":0,"menu_order":0,"comment_status":"closed","ping_status":"closed","template":"","meta":{"footnotes":""},"class_list":["post-2","page","type-page","status-publish","hentry"],"_links":{"self":[{"href":"https:\/\/juliancroatto.com\/index.php\/wp-json\/wp\/v2\/pages\/2","targetHints":{"allow":["GET"]}}],"collection":[{"href":"https:\/\/juliancroatto.com\/index.php\/wp-json\/wp\/v2\/pages"}],"about":[{"href":"https:\/\/juliancroatto.com\/index.php\/wp-json\/wp\/v2\/types\/page"}],"author":[{"embeddable":true,"href":"https:\/\/juliancroatto.com\/index.php\/wp-json\/wp\/v2\/users\/1"}],"replies":[{"embeddable":true,"href":"https:\/\/juliancroatto.com\/index.php\/wp-json\/wp\/v2\/comments?post=2"}],"version-history":[{"count":461,"href":"https:\/\/juliancroatto.com\/index.php\/wp-json\/wp\/v2\/pages\/2\/revisions"}],"predecessor-version":[{"id":4600,"href":"https:\/\/juliancroatto.com\/index.php\/wp-json\/wp\/v2\/pages\/2\/revisions\/4600"}],"wp:attachment":[{"href":"https:\/\/juliancroatto.com\/index.php\/wp-json\/wp\/v2\/media?parent=2"}],"curies":[{"name":"wp","href":"https:\/\/api.w.org\/{rel}","templated":true}]}}